{"id":160,"date":"2017-02-23T13:11:03","date_gmt":"2017-02-23T12:11:03","guid":{"rendered":"http:\/\/nordicdent2.cmsp.se\/?page_id=160\/"},"modified":"2017-02-23T13:23:23","modified_gmt":"2017-02-23T12:23:23","slug":"priser","status":"publish","type":"page","link":"https:\/\/www.nordicdent.com\/nb\/priser\/","title":{"rendered":"Priser"},"content":{"rendered":"<div class=\"wpb-content-wrapper\"><p>[vc_row el_id=&raquo;slideshowrow&raquo;][vc_column][vc_widget_sidebar sidebar_id=&raquo;vc_widget_1&#8243; el_class=&raquo;slide&raquo;][\/vc_column][\/vc_row][vc_row el_id=&raquo;priserrow&raquo;][vc_column width=&raquo;1\/3&#8243;][vc_single_image image=&raquo;135&#8243; img_size=&raquo;full&raquo; add_caption=&raquo;yes&raquo; alignment=&raquo;center&raquo; el_class=&raquo;singleimg&raquo;][\/vc_column][vc_column width=&raquo;1\/3&#8243;][vc_single_image image=&raquo;136&#8243; img_size=&raquo;full&raquo; add_caption=&raquo;yes&raquo; alignment=&raquo;center&raquo; el_class=&raquo;singleimg&raquo;][\/vc_column][vc_column width=&raquo;1\/3&#8243;][vc_single_image image=&raquo;137&#8243; img_size=&raquo;full&raquo; add_caption=&raquo;yes&raquo; alignment=&raquo;center&raquo; el_class=&raquo;singleimg&raquo;][\/vc_column][\/vc_row][vc_row el_class=&raquo;borderseparatorrow&raquo;][vc_column][vc_separator el_class=&raquo;borderseparator&raquo;][\/vc_column][\/vc_row][vc_row equal_height=&raquo;yes&raquo; el_id=&raquo;inforow&raquo;][vc_column][vc_column_text el_class=&raquo;contentbox&raquo;]Nordic Dent A\/S er et firma som driver med lakkeringsfri bulkoppretting. Det vil si at vi fjerner parkerings bulker og andre sm\u00e5 skader uten \u00e5 omlakkering.<\/p>\n<p>Lakkeringsfri bulkoppretting (engelsk: PDR paintless dent removal) har v\u00e6rt i bruk i mange \u00e5r i USA og Europa, og Nordic Dent A\/S etablerte seg i Norge i 2004.<br \/>\nMetoden forutsetter at lakken i det skadede omr\u00e5det er hel. Bulkene fjernes s\u00e5 med en metode som ikke krever lakkering og sparkling, og dermed blir det ingen fargeforskjell.<\/p>\n<p>Dette en meget prisgunstig og tidsbesparende m\u00e5te \u00e5 f\u00e5 fjernet irriterende sm\u00e5bulk p\u00e5.<br \/>\nDaglig leder Joakim Carlsson utgj\u00f8r sammen med Magnus Fenny, Paul Martin Holt og Audun Larsen et sterkt team.<\/p>\n<p><em>alle priser er ca priser. Eksakt pris f\u00e5r du n\u00e5r vi ser F\u00e5 skader i kontakt med oss eller v\u00e5re samarbeidspartnere<\/em>[\/vc_column_text][vc_row_inner][vc_column_inner width=&raquo;1\/3&#8243;][\/vc_column_inner][vc_column_inner width=&raquo;1\/3&#8243;][vc_btn title=&raquo;Se fler bilder med resultat&raquo; style=&raquo;flat&raquo; shape=&raquo;square&raquo; color=&raquo;blue&raquo; align=&raquo;center&raquo; button_block=&raquo;true&raquo; link=&raquo;url:%2Fnb%2F%23galeryrow|||&raquo; el_class=&raquo;singlebutton&raquo;][\/vc_column_inner][vc_column_inner width=&raquo;1\/3&#8243;][\/vc_column_inner][\/vc_row_inner][\/vc_column][\/vc_row]<\/p>\n<\/div>","protected":false},"excerpt":{"rendered":"<p>[vc_row el_id=&raquo;slideshowrow&raquo;][vc_column][vc_widget_sidebar sidebar_id=&raquo;vc_widget_1&#8243; el_class=&raquo;slide&raquo;][\/vc_column][\/vc_row][vc_row el_id=&raquo;priserrow&raquo;][vc_column width=&raquo;1\/3&#8243;][vc_single_image image=&raquo;135&#8243; img_size=&raquo;full&raquo; add_caption=&raquo;yes&raquo; alignment=&raquo;center&raquo; el_class=&raquo;singleimg&raquo;][\/vc_column][vc_column width=&raquo;1\/3&#8243;][vc_single_image image=&raquo;136&#8243; img_size=&raquo;full&raquo; add_caption=&raquo;yes&raquo; alignment=&raquo;center&raquo; el_class=&raquo;singleimg&raquo;][\/vc_column][vc_column width=&raquo;1\/3&#8243;][vc_single_image image=&raquo;137&#8243; img_size=&raquo;full&raquo; add_caption=&raquo;yes&raquo; alignment=&raquo;center&raquo; el_class=&raquo;singleimg&raquo;][\/vc_column][\/vc_row][vc_row el_class=&raquo;borderseparatorrow&raquo;][vc_column][vc_separator el_class=&raquo;borderseparator&raquo;][\/vc_column][\/vc_row][vc_row equal_height=&raquo;yes&raquo; el_id=&raquo;inforow&raquo;][vc_column][vc_column_text el_class=&raquo;contentbox&raquo;]Nordic Dent A\/S er et firma som driver med lakkeringsfri bulkoppretting. Det vil si at vi fjerner parkerings bulker og andre sm\u00e5 skader uten \u00e5 omlakkering. Lakkeringsfri bulkoppretting [&hellip;]<\/p>\n","protected":false},"author":4,"featured_media":0,"parent":0,"menu_order":0,"comment_status":"closed","ping_status":"closed","template":"","meta":{"footnotes":""},"class_list":["post-160","page","type-page","status-publish","hentry"],"_links":{"self":[{"href":"https:\/\/www.nordicdent.com\/nb\/wp-json\/wp\/v2\/pages\/160","targetHints":{"allow":["GET"]}}],"collection":[{"href":"https:\/\/www.nordicdent.com\/nb\/wp-json\/wp\/v2\/pages"}],"about":[{"href":"https:\/\/www.nordicdent.com\/nb\/wp-json\/wp\/v2\/types\/page"}],"author":[{"embeddable":true,"href":"https:\/\/www.nordicdent.com\/nb\/wp-json\/wp\/v2\/users\/4"}],"replies":[{"embeddable":true,"href":"https:\/\/www.nordicdent.com\/nb\/wp-json\/wp\/v2\/comments?post=160"}],"version-history":[{"count":3,"href":"https:\/\/www.nordicdent.com\/nb\/wp-json\/wp\/v2\/pages\/160\/revisions"}],"predecessor-version":[{"id":171,"href":"https:\/\/www.nordicdent.com\/nb\/wp-json\/wp\/v2\/pages\/160\/revisions\/171"}],"wp:attachment":[{"href":"https:\/\/www.nordicdent.com\/nb\/wp-json\/wp\/v2\/media?parent=160"}],"curies":[{"name":"wp","href":"https:\/\/api.w.org\/{rel}","templated":true}]}}