{"id":153,"date":"2017-02-23T13:07:47","date_gmt":"2017-02-23T12:07:47","guid":{"rendered":"http:\/\/nordicdent2.cmsp.se\/?page_id=153\/"},"modified":"2024-02-05T07:44:27","modified_gmt":"2024-02-05T06:44:27","slug":"til-forsiden","status":"publish","type":"page","link":"https:\/\/www.nordicdent.com\/nb\/","title":{"rendered":"Til forsiden"},"content":{"rendered":"<div class=\"wpb-content-wrapper\"><p>[vc_row el_id=&raquo;slideshowrow&raquo;][vc_column][vc_widget_sidebar sidebar_id=&raquo;vc_widget_1&#8243; el_class=&raquo;slide&raquo;][\/vc_column][\/vc_row][vc_row el_id=&raquo;servicerow&raquo;][vc_column width=&raquo;1\/6&#8243;][vc_single_image image=&raquo;242&#8243; img_size=&raquo;full&raquo; add_caption=&raquo;yes&raquo; alignment=&raquo;center&raquo; onclick=&raquo;custom_link&raquo; el_class=&raquo;singleimg&raquo; link=&raquo;#bucklor&raquo;][\/vc_column][vc_column width=&raquo;1\/6&#8243;][vc_single_image image=&raquo;237&#8243; img_size=&raquo;full&raquo; add_caption=&raquo;yes&raquo; alignment=&raquo;center&raquo; onclick=&raquo;custom_link&raquo; el_class=&raquo;singleimg&raquo; link=&raquo;#stenskott&raquo;][\/vc_column][vc_column width=&raquo;1\/6&#8243;][vc_single_image image=&raquo;233&#8243; img_size=&raquo;full&raquo; add_caption=&raquo;yes&raquo; alignment=&raquo;center&raquo; onclick=&raquo;custom_link&raquo; el_class=&raquo;singleimg&raquo; link=&raquo;#coating&raquo;][\/vc_column][vc_column width=&raquo;1\/6&#8243;][vc_single_image image=&raquo;157&#8243; img_size=&raquo;full&raquo; add_caption=&raquo;yes&raquo; alignment=&raquo;center&raquo; onclick=&raquo;custom_link&raquo; img_link_target=&raquo;_blank&raquo; el_class=&raquo;singleimg&raquo; link=&raquo;https:\/\/www.facebook.com\/pages\/Nordic-Dent-AS\/332521048350&#8243;][\/vc_column][vc_column width=&raquo;1\/6&#8243;][vc_single_image image=&raquo;158&#8243; img_size=&raquo;full&raquo; add_caption=&raquo;yes&raquo; alignment=&raquo;center&raquo; onclick=&raquo;custom_link&raquo; el_class=&raquo;singleimg&raquo; link=&raquo;#kontaktrow&raquo;][\/vc_column][\/vc_row][vc_row el_id=&raquo;welcomerow&raquo;][vc_column][vc_column_text el_class=&raquo;contentbox&raquo;]<\/p>\n<h1><span style=\"font-weight: 300; color: #000;\">Velkommen til<\/span> Nordic Dent AS!<\/h1>\n<p class=\"western\" lang=\"en-US\">Nordic Dent AS driver i SMART-repairbransjen der <span lang=\"sv-SE\">vi fikser <\/span>bulk UTEN lakkering<span lang=\"sv-SE\">, steinsprut p\u00e5 panser flekkes, riper i lakken fjernes samt\u00a0<\/span><span lang=\"sv-SE\">poleres og coates biler.<\/span><\/p>\n<p class=\"western\" lang=\"en-US\"><span lang=\"sv-SE\">Hos oss blir bilen din som ny !!<\/span><\/p>\n<p>[\/vc_column_text][\/vc_column][\/vc_row][vc_row el_class=&raquo;borderseparatorrow&raquo;][vc_column][vc_separator el_class=&raquo;borderseparator&raquo;][\/vc_column][\/vc_row][vc_row el_id=&raquo;extraservicerow&raquo;][vc_column width=&raquo;1\/4&#8243;][vc_single_image image=&raquo;211&#8243; add_caption=&raquo;yes&raquo; alignment=&raquo;center&raquo; el_class=&raquo;personalbild&raquo;][vc_single_image image=&raquo;69&#8243; add_caption=&raquo;yes&raquo; alignment=&raquo;center&raquo; el_class=&raquo;personalbild&raquo;][\/vc_column][vc_column width=&raquo;1\/2&#8243; el_class=&raquo;contentbox&raquo;][vc_row_inner el_id=&raquo;bucklor&raquo;][vc_column_inner][vc_column_text el_class=&raquo;contentbox&raquo;]<\/p>\n<h2>Bulker<\/h2>\n<p class=\"western\" lang=\"en-US\"><b>Vi fjerner sm\u00e5 og store parkeringsbulker samt en del st\u00f8rre karosseriskader forutsatt at lakken er hel. se bilder GALLERI og FACEBOOK<\/b><\/p>\n<p class=\"western\" lang=\"en-US\" align=\"left\">Vi er i dag det firmae med lengst erfaring innen bulkoppretting uten lakkering i Norge, hvilket er den beste bakgrunn og garanti for at vi alltid er blant de beste i markedet.<\/p>\n<p class=\"western\" lang=\"en-US\"><span id=\"Ram4\" dir=\"ltr\"><\/span>Nordic Dent ble etablert i Norge 2004 og har siden dess f\u00e5tt et godt annerkjennt navn i bilbransjen.<\/p>\n<p>&nbsp;<\/p>\n<h3>Fordeler med denna typ av reperasjon:<\/h3>\n<p><strong>Original lakk<\/strong> &#8211; bibeholdes samt blir ikke farveforskjell<br \/>\n<strong>Rask metode<\/strong> &#8211; bilen klar samme dagen<br \/>\n<strong>Prisen<\/strong> &#8211; ofte <b>70-80%<\/b> <b>rimligere<\/b> enn konvensjonell metode[\/vc_column_text][\/vc_column_inner][\/vc_row_inner][vc_row_inner][vc_column_inner width=&raquo;1\/2&#8243;][vc_column_text]<\/p>\n<p class=\"western\" lang=\"en-US\" style=\"text-align: center;\"><strong><span lang=\"sv-SE\">Oslo\/B<\/span>\u00e6rum:\u00a0<\/strong><\/p>\n<p class=\"western\" lang=\"en-US\" style=\"text-align: center;\"><a href=\"tel:92885958\"><span lang=\"sv-SE\"><b>92 88 59 58<\/b><\/span><\/a><\/p>\n<p>[\/vc_column_text][\/vc_column_inner][vc_column_inner width=&raquo;1\/2&#8243;][vc_column_text]<\/p>\n<p class=\"western\" lang=\"en-US\" style=\"text-align: center;\"><b>Lillestr\u00f8m\/Jessheim<\/b><strong>:\u00a0<\/strong><\/p>\n<p class=\"western\" lang=\"en-US\" style=\"text-align: center;\"><a href=\"tel:92885958\"><b>92 88 59 58<\/b><\/a><\/p>\n<p>[\/vc_column_text][\/vc_column_inner][\/vc_row_inner][vc_row_inner][vc_column_inner width=&raquo;1\/2&#8243;][vc_column_text]<\/p>\n<p class=\"western\" lang=\"en-US\" style=\"text-align: center;\"><b>\u00d8stfold<\/b><strong>:\u00a0<\/strong><\/p>\n<p class=\"western\" lang=\"en-US\" style=\"text-align: center;\"><a href=\"tel:41148096\"><b>41 14 80 96<\/b><\/a><\/p>\n<p>[\/vc_column_text][\/vc_column_inner][\/vc_row_inner][vc_column_text el_class=&raquo;contentbox&raquo;]<\/p>\n<h3 class=\"western\" lang=\"en-US\" style=\"text-align: center;\" align=\"left\"><span style=\"font-size: large;\">I kvalitet og service finner du neppe mange som sl\u00e5r oss<\/span><\/h3>\n<p>[\/vc_column_text][\/vc_column][vc_column width=&raquo;1\/4&#8243;][vc_single_image image=&raquo;71&#8243; add_caption=&raquo;yes&raquo; alignment=&raquo;center&raquo; el_class=&raquo;personalbild&raquo;][\/vc_column][\/vc_row][vc_row el_class=&raquo;borderseparatorrow&raquo; el_id=&raquo;priserrow&raquo;][vc_column][vc_column_text]<\/p>\n<h3 style=\"text-align: center;\">Eksempel priser for ulike typer\u00a0av bulker<\/h3>\n<p>[\/vc_column_text][vc_row_inner][vc_column_inner width=&raquo;1\/3&#8243;][vc_single_image image=&raquo;135&#8243; img_size=&raquo;full&raquo; add_caption=&raquo;yes&raquo; alignment=&raquo;center&raquo; el_class=&raquo;singleimg&raquo;][\/vc_column_inner][vc_column_inner width=&raquo;1\/3&#8243;][vc_single_image image=&raquo;136&#8243; img_size=&raquo;full&raquo; add_caption=&raquo;yes&raquo; alignment=&raquo;center&raquo; el_class=&raquo;singleimg&raquo;][\/vc_column_inner][vc_column_inner width=&raquo;1\/3&#8243;][vc_single_image image=&raquo;137&#8243; img_size=&raquo;full&raquo; add_caption=&raquo;yes&raquo; alignment=&raquo;center&raquo; el_class=&raquo;singleimg&raquo;][\/vc_column_inner][\/vc_row_inner][vc_column_text el_class=&raquo;contentbox&raquo;]<\/p>\n<p style=\"text-align: center;\"><em>Alle priser er om priser. N\u00f8yaktig priset n\u00e5r du ser skaden. Vennligst kontakt oss eller v\u00e5re partnere<\/em><\/p>\n<p>[\/vc_column_text][\/vc_column][\/vc_row][vc_row el_class=&raquo;borderseparatorrow&raquo;][vc_column][vc_separator el_class=&raquo;borderseparator&raquo;][\/vc_column][\/vc_row][vc_row el_id=&raquo;extraservicerow&raquo;][vc_column width=&raquo;1\/4&#8243;][\/vc_column][vc_column width=&raquo;1\/2&#8243; el_class=&raquo;contentbox&raquo;][vc_row_inner el_id=&raquo;stenskott&raquo;][vc_column_inner][vc_column_text el_class=&raquo;contentbox&raquo;]<\/p>\n<h2>Steinsprut<\/h2>\n<p class=\"western\" lang=\"en-US\">Steinspruts reparasjoner eller flekking av panser er en metode der man fyller i en lakk i skaden og la den herde f\u00f8r man fjerner overskudde. Denne metoden er utarbeidet fordi tidligere reperasjoner me lakkstift og klarlakk blir litt for styggt.<\/p>\n<p class=\"western\" lang=\"en-US\">V\u00e5res tekkniker har arbeidet me dette under 5 \u00e5rs tid og f\u00e5tt opp kunnskap i teknikk og lakkblanding for \u00e5 oppn\u00e5 best mulig resultat.<\/p>\n<p class=\"western\" lang=\"en-US\">Vi har testet ut forskjellige lakkleverand\u00f8rer\u00a0\u00e5 funnet en med de beste egenskaperne\u00a0sitter godt fast ved polering og maskinvask.<\/p>\n<h3 class=\"western\" lang=\"en-US\" style=\"text-align: center;\">Pris 950-1500kr + mva<\/h3>\n<p>[\/vc_column_text][\/vc_column_inner][\/vc_row_inner][\/vc_column][vc_column width=&raquo;1\/4&#8243;][vc_single_image image=&raquo;217&#8243; add_caption=&raquo;yes&raquo; alignment=&raquo;center&raquo; el_class=&raquo;personalbild&raquo;][vc_column_text el_class=&raquo;personalbild&raquo;]<\/p>\n<p style=\"text-align: center;\">Drammen\u00a0Asker<\/p>\n<p style=\"text-align: center;\">Baerum Oslo<\/p>\n<p style=\"text-align: center;\"><a href=\"tel:46444242\">46 44 42 42<\/a><\/p>\n<p>[\/vc_column_text][\/vc_column][\/vc_row][vc_row el_class=&raquo;borderseparatorrow&raquo;][vc_column][vc_separator el_class=&raquo;borderseparator&raquo;][\/vc_column][\/vc_row][vc_row el_id=&raquo;extraservicerow&raquo;][vc_column width=&raquo;1\/4&#8243;][vc_single_image image=&raquo;75&#8243; add_caption=&raquo;yes&raquo; alignment=&raquo;center&raquo; el_class=&raquo;personalbild&raquo;][\/vc_column][vc_column width=&raquo;1\/2&#8243; el_class=&raquo;contentbox&raquo;][vc_row_inner el_id=&raquo;coating&raquo;][vc_column_inner][vc_column_text el_class=&raquo;contentbox&raquo;]<\/p>\n<h2>Polering\/Coating<\/h2>\n<p class=\"western\" lang=\"en-US\">Vi p\u00e5 Nordic Dent utf\u00f8rer de meste inne bilpleie som fjerning av enkelte riper eller polering av hele bilen samt coating.<\/p>\n<p class=\"western\" lang=\"en-US\">Vi bruker <a href=\"http:\/\/www.alwaysdry.com\">Always Dry<\/a> sine produkter. Dette er en revolusjonerende produkt me nano-tekknik som gir den beste beskyttelse av lakken p\u00e5 markedet idag.<\/p>\n<p class=\"western\" lang=\"en-US\" style=\"text-align: center;\">Trenger ingen \u00e5terkommande behandling, en gang et pris<br \/>\n9 \u00e5rs garanti<\/p>\n<h3 class=\"western\" lang=\"en-US\" style=\"text-align: center;\">Ring <a href=\"tel:46444242\">46 44 42 42<\/a><\/h3>\n<p>&nbsp;<\/p>\n<h3 style=\"text-align: center;\">Fordeler me Coating<\/h3>\n<p>Lakk &#8211; Dypere farve, glans, beskyttelse mot solblekning, st\u00e5r emot mindre riper<\/p>\n<p>Vask &#8211; Mye Enklere Vask, drit o m\u00f8kk fastner ikke, nesten bare til \u00e5 spyle av.<\/p>\n<p>\u00d8konomi &#8211; Bilen ser velholdt ut \u00e5 b\u00f8r gi mer tillbake ved innlevering\/salg[\/vc_column_text][\/vc_column_inner][\/vc_row_inner][\/vc_column][vc_column width=&raquo;1\/4&#8243;][vc_single_image image=&raquo;220&#8243; alignment=&raquo;center&raquo; el_class=&raquo;personalbild&raquo;][\/vc_column][\/vc_row][vc_row el_class=&raquo;borderseparatorrow&raquo;][vc_column][vc_separator el_class=&raquo;borderseparator&raquo;][\/vc_column][\/vc_row][vc_row el_id=&raquo;galeryrow&raquo;][vc_column][vc_media_grid element_width=&raquo;3&#8243; gap=&raquo;15&#8243; grid_id=&raquo;vc_gid:1707115457834-4962092c-5cf4-5&#8243; include=&raquo;221,222,79,80&#8243;][vc_tta_accordion style=&raquo;flat&raquo; shape=&raquo;square&raquo; color=&raquo;blue&raquo; c_align=&raquo;center&raquo; c_position=&raquo;right&raquo; active_section=&raquo;&raquo; no_fill=&raquo;true&raquo; collapsible_all=&raquo;true&raquo;][vc_tta_section title=&raquo;Fler bilder&raquo; tab_id=&raquo;1487846546061-76c5ee98-c713&#8243;][vc_media_grid element_width=&raquo;3&#8243; gap=&raquo;15&#8243; grid_id=&raquo;vc_gid:1707115457835-66ef0e3d-975c-6&#8243; include=&raquo;82,83,84,85,86,91,87,88,89,90,92,93,94,95,96,97,98,99,100,101&#8243;][\/vc_tta_section][\/vc_tta_accordion][\/vc_column][\/vc_row][vc_row el_class=&raquo;borderseparatorrow&raquo;][vc_column][vc_separator el_class=&raquo;borderseparator&raquo;][\/vc_column][\/vc_row][vc_row el_id=&raquo;fbrow&raquo;][vc_column][vc_column_text el_class=&raquo;contentbox&raquo;]<\/p>\n<div class=\"fb-page\" data-href=\"https:\/\/www.facebook.com\/pages\/Nordic-Dent-AS\/332521048350\" data-tabs=\"timeline\" data-width=\"500\" data-small-header=\"false\" data-adapt-container-width=\"true\" data-hide-cover=\"false\" data-show-facepile=\"true\">\n<blockquote class=\"fb-xfbml-parse-ignore\" cite=\"https:\/\/www.facebook.com\/pages\/Nordic-Dent-AS\/332521048350\">\n<p><a href=\"https:\/\/www.facebook.com\/pages\/Nordic-Dent-AS\/332521048350\">Nordic Dent AS<\/a><\/p>\n<\/blockquote>\n<\/div>\n<p>[\/vc_column_text][\/vc_column][\/vc_row][vc_row el_class=&raquo;borderseparatorrow&raquo;][vc_column][vc_separator el_class=&raquo;borderseparator&raquo;][\/vc_column][\/vc_row][vc_row equal_height=&raquo;yes&raquo; el_id=&raquo;kontaktrow&raquo;][vc_column width=&raquo;1\/3&#8243;][vc_column_text el_class=&raquo;contentbox&raquo;]<\/p>\n<h2>Kontakt<\/h2>\n<p><strong>Nordic Dent Norge<\/strong><br \/>\n\u00d8stre Akervei 243<br \/>\n0976 Oslo<br \/>\nTlf: <a href=\"tel:92885958\">92 88 59 58<\/a><\/p>\n<p>E-post: <a href=\"mailto:bulk@nordicdent.com\">bulk@nordicdent.com<\/a>[\/vc_column_text][\/vc_column][vc_column width=&raquo;2\/3&#8243;][vc_gmaps link=&raquo;#E-8_JTNDaWZyYW1lJTIwc3JjJTNEJTIyaHR0cHMlM0ElMkYlMkZ3d3cuZ29vZ2xlLmNvbSUyRm1hcHMlMkZlbWJlZCUzRnBiJTNEJTIxMW0xOCUyMTFtMTIlMjExbTMlMjExZDE5OTcuNzA0OTY3ODUzOTgyNSUyMTJkMTAuODkwMDY5NjE2NTAwNTE1JTIxM2Q1OS45NTM2Mjg4Njc4NTA4NyUyMTJtMyUyMTFmMCUyMTJmMCUyMTNmMCUyMTNtMiUyMTFpMTAyNCUyMTJpNzY4JTIxNGYxMy4xJTIxM20zJTIxMW0yJTIxMXMweDQ2NDE3MDA3NTQ2YjhmOWYlMjUzQTB4ZmZmZTFkYTcxODEyNWY3MSUyMTJzJTI1QzMlMjU5OHN0cmUlMkJBa2VyJTJCdmVpJTJCMjQzJTI1MkMlMkIwOTc2JTJCT3NsbyUyNTJDJTJCTm9yZ2UlMjE1ZTAlMjEzbTIlMjExc3N2JTIxMnNzZSUyMTR2MTUxMjEzMTQwNzIyOSUyMiUyMHdpZHRoJTNEJTIyNjAwJTIyJTIwaGVpZ2h0JTNEJTIyNDUwJTIyJTIwZnJhbWVib3JkZXIlM0QlMjIwJTIyJTIwc3R5bGUlM0QlMjJib3JkZXIlM0EwJTIyJTIwYWxsb3dmdWxsc2NyZWVuJTNFJTNDJTJGaWZyYW1lJTNF&raquo; el_class=&raquo;map&raquo;][\/vc_column][\/vc_row]<\/p>\n<\/div>","protected":false},"excerpt":{"rendered":"<p>[vc_row el_id=&raquo;slideshowrow&raquo;][vc_column][vc_widget_sidebar sidebar_id=&raquo;vc_widget_1&#8243; el_class=&raquo;slide&raquo;][\/vc_column][\/vc_row][vc_row el_id=&raquo;servicerow&raquo;][vc_column width=&raquo;1\/6&#8243;][vc_single_image image=&raquo;242&#8243; img_size=&raquo;full&raquo; add_caption=&raquo;yes&raquo; alignment=&raquo;center&raquo; onclick=&raquo;custom_link&raquo; el_class=&raquo;singleimg&raquo; link=&raquo;#bucklor&raquo;][\/vc_column][vc_column width=&raquo;1\/6&#8243;][vc_single_image image=&raquo;237&#8243; img_size=&raquo;full&raquo; add_caption=&raquo;yes&raquo; alignment=&raquo;center&raquo; onclick=&raquo;custom_link&raquo; el_class=&raquo;singleimg&raquo; link=&raquo;#stenskott&raquo;][\/vc_column][vc_column width=&raquo;1\/6&#8243;][vc_single_image image=&raquo;233&#8243; img_size=&raquo;full&raquo; add_caption=&raquo;yes&raquo; alignment=&raquo;center&raquo; onclick=&raquo;custom_link&raquo; el_class=&raquo;singleimg&raquo; link=&raquo;#coating&raquo;][\/vc_column][vc_column width=&raquo;1\/6&#8243;][vc_single_image image=&raquo;157&#8243; img_size=&raquo;full&raquo; add_caption=&raquo;yes&raquo; alignment=&raquo;center&raquo; onclick=&raquo;custom_link&raquo; img_link_target=&raquo;_blank&raquo; el_class=&raquo;singleimg&raquo; link=&raquo;https:\/\/www.facebook.com\/pages\/Nordic-Dent-AS\/332521048350&#8243;][\/vc_column][vc_column width=&raquo;1\/6&#8243;][vc_single_image image=&raquo;158&#8243; img_size=&raquo;full&raquo; add_caption=&raquo;yes&raquo; alignment=&raquo;center&raquo; onclick=&raquo;custom_link&raquo; el_class=&raquo;singleimg&raquo; link=&raquo;#kontaktrow&raquo;][\/vc_column][\/vc_row][vc_row el_id=&raquo;welcomerow&raquo;][vc_column][vc_column_text el_class=&raquo;contentbox&raquo;] Velkommen til Nordic Dent AS! Nordic Dent [&hellip;]<\/p>\n","protected":false},"author":4,"featured_media":0,"parent":0,"menu_order":0,"comment_status":"closed","ping_status":"closed","template":"","meta":{"footnotes":""},"class_list":["post-153","page","type-page","status-publish","hentry"],"_links":{"self":[{"href":"https:\/\/www.nordicdent.com\/nb\/wp-json\/wp\/v2\/pages\/153","targetHints":{"allow":["GET"]}}],"collection":[{"href":"https:\/\/www.nordicdent.com\/nb\/wp-json\/wp\/v2\/pages"}],"about":[{"href":"https:\/\/www.nordicdent.com\/nb\/wp-json\/wp\/v2\/types\/page"}],"author":[{"embeddable":true,"href":"https:\/\/www.nordicdent.com\/nb\/wp-json\/wp\/v2\/users\/4"}],"replies":[{"embeddable":true,"href":"https:\/\/www.nordicdent.com\/nb\/wp-json\/wp\/v2\/comments?post=153"}],"version-history":[{"count":12,"href":"https:\/\/www.nordicdent.com\/nb\/wp-json\/wp\/v2\/pages\/153\/revisions"}],"predecessor-version":[{"id":550,"href":"https:\/\/www.nordicdent.com\/nb\/wp-json\/wp\/v2\/pages\/153\/revisions\/550"}],"wp:attachment":[{"href":"https:\/\/www.nordicdent.com\/nb\/wp-json\/wp\/v2\/media?parent=153"}],"curies":[{"name":"wp","href":"https:\/\/api.w.org\/{rel}","templated":true}]}}